{"id":277,"date":"2021-08-11T21:08:50","date_gmt":"2021-08-11T21:08:50","guid":{"rendered":"https:\/\/masconectados.suizoargentina.com\/?page_id=277"},"modified":"2026-04-07T18:39:27","modified_gmt":"2026-04-07T18:39:27","slug":"recibo-digital","status":"publish","type":"page","link":"https:\/\/masconectados.suizoargentina.com\/web\/recibo-digital\/","title":{"rendered":"Recibo Digital"},"content":{"rendered":"\t\t<div data-elementor-type=\"wp-page\" data-elementor-id=\"277\" class=\"elementor elementor-277\" data-elementor-post-type=\"page\">\n\t\t\t\t\t\t<section data-dce-background-overlay-color=\"#000000\" data-dce-background-image-url=\"https:\/\/masconectados.suizoargentina.com\/web\/wp-content\/uploads\/2021\/07\/fondocolores-scaled.jpg\" class=\"elementor-section elementor-top-section elementor-element elementor-element-6e574e0 elementor-section-boxed elementor-section-height-default elementor-section-height-default\" data-id=\"6e574e0\" data-element_type=\"section\" data-settings=\"{&quot;background_background&quot;:&quot;classic&quot;}\">\n\t\t\t\t\t\t\t<div class=\"elementor-background-overlay\"><\/div>\n\t\t\t\t\t\t\t<div class=\"elementor-container elementor-column-gap-default\">\n\t\t\t\t\t<div class=\"elementor-column elementor-col-100 elementor-top-column elementor-element elementor-element-c9194f6\" data-id=\"c9194f6\" data-element_type=\"column\">\n\t\t\t<div class=\"elementor-widget-wrap elementor-element-populated\">\n\t\t\t\t\t\t<div class=\"elementor-element elementor-element-10a30d7 elementor-align-center elementor-widget elementor-widget-button\" data-id=\"10a30d7\" data-element_type=\"widget\" data-settings=\"{&quot;pp_display_conditions_enable&quot;:&quot;yes&quot;}\" data-widget_type=\"button.default\">\n\t\t\t\t<div class=\"elementor-widget-container\">\n\t\t\t\t\t<div class=\"elementor-button-wrapper\">\n\t\t\t<a class=\"elementor-button elementor-button-link elementor-size-sm\" href=\"https:\/\/masconectados.suizoargentina.com\/web\/\">\n\t\t\t\t\t\t<span class=\"elementor-button-content-wrapper\">\n\t\t\t\t\t\t<span class=\"elementor-button-text\">INICIA SESI\u00d3N<\/span>\n\t\t<\/span>\n\t\t\t\t\t<\/a>\n\t\t<\/div>\n\t\t\t\t<\/div>\n\t\t\t\t<\/div>\n\t\t\t\t<div class=\"elementor-element elementor-element-af9a170 elementor-widget elementor-widget-text-editor\" data-id=\"af9a170\" data-element_type=\"widget\" data-settings=\"{&quot;pp_display_conditions_enable&quot;:&quot;yes&quot;}\" data-widget_type=\"text-editor.default\">\n\t\t\t\t<div class=\"elementor-widget-container\">\n\t\t\t\t\t\t\tPARA VER EL CONTENIDO DE ESTA P\u00c1GINA\t\t\t\t\t\t<\/div>\n\t\t\t\t<\/div>\n\t\t\t\t\t<\/div>\n\t\t<\/div>\n\t\t\t\t\t<\/div>\n\t\t<\/section>\n\t\t\t\t<\/div>\n\t\t","protected":false},"excerpt":{"rendered":"<p>RECIBO DE SUELDO Ir a Mis Recibos Instructivo Recibo Digital INICIA SESI\u00d3N PARA VER EL CONTENIDO DE ESTA P\u00c1GINA Activaci\u00f3n del mensaje de \u201cFuera de oficina\u201d en el correo electr\u00f3nico Si a\u00fan no generaste tu firma, pod\u00e9s realizarla presionando el bot\u00f3n debajo. CONOC\u00c9 M\u00c1S Activaci\u00f3n del mensaje de \u00abFuera de oficina\u00bb en WhatsApp Si a\u00fan [&hellip;]<\/p>\n","protected":false},"author":1,"featured_media":0,"parent":0,"menu_order":0,"comment_status":"closed","ping_status":"closed","template":"elementor_header_footer","meta":{"_acf_changed":false,"_monsterinsights_skip_tracking":false,"_monsterinsights_sitenote_active":false,"_monsterinsights_sitenote_note":"","_monsterinsights_sitenote_category":0,"_joinchat":[],"footnotes":""},"class_list":["post-277","page","type-page","status-publish","hentry"],"acf":[],"_links":{"self":[{"href":"https:\/\/masconectados.suizoargentina.com\/web\/wp-json\/wp\/v2\/pages\/277","targetHints":{"allow":["GET"]}}],"collection":[{"href":"https:\/\/masconectados.suizoargentina.com\/web\/wp-json\/wp\/v2\/pages"}],"about":[{"href":"https:\/\/masconectados.suizoargentina.com\/web\/wp-json\/wp\/v2\/types\/page"}],"author":[{"embeddable":true,"href":"https:\/\/masconectados.suizoargentina.com\/web\/wp-json\/wp\/v2\/users\/1"}],"replies":[{"embeddable":true,"href":"https:\/\/masconectados.suizoargentina.com\/web\/wp-json\/wp\/v2\/comments?post=277"}],"version-history":[{"count":91,"href":"https:\/\/masconectados.suizoargentina.com\/web\/wp-json\/wp\/v2\/pages\/277\/revisions"}],"predecessor-version":[{"id":14767,"href":"https:\/\/masconectados.suizoargentina.com\/web\/wp-json\/wp\/v2\/pages\/277\/revisions\/14767"}],"wp:attachment":[{"href":"https:\/\/masconectados.suizoargentina.com\/web\/wp-json\/wp\/v2\/media?parent=277"}],"curies":[{"name":"wp","href":"https:\/\/api.w.org\/{rel}","templated":true}]}}