{"id":6,"date":"2021-07-26T15:37:34","date_gmt":"2021-07-26T15:37:34","guid":{"rendered":"https:\/\/masconectados.suizoargentina.com\/?page_id=6"},"modified":"2026-04-01T17:53:16","modified_gmt":"2026-04-01T17:53:16","slug":"inicio","status":"publish","type":"page","link":"https:\/\/masconectados.suizoargentina.com\/web\/inicio\/","title":{"rendered":"home"},"content":{"rendered":"\t\t<div data-elementor-type=\"wp-page\" data-elementor-id=\"6\" class=\"elementor elementor-6\" data-elementor-post-type=\"page\">\n\t\t\t\t\t\t<section data-dce-background-image-url=\"https:\/\/masconectados.suizoargentina.com\/web\/wp-content\/uploads\/2021\/07\/fondocolores-scaled.jpg\" class=\"elementor-section elementor-top-section elementor-element elementor-element-6122752 elementor-section-boxed elementor-section-height-default elementor-section-height-default\" data-id=\"6122752\" data-element_type=\"section\" data-settings=\"{&quot;background_background&quot;:&quot;classic&quot;,&quot;pp_display_conditions_enable&quot;:&quot;yes&quot;}\">\n\t\t\t\t\t\t\t<div class=\"elementor-background-overlay\"><\/div>\n\t\t\t\t\t\t\t<div class=\"elementor-container elementor-column-gap-default\">\n\t\t\t\t\t<div class=\"elementor-column elementor-col-100 elementor-top-column elementor-element elementor-element-4995543\" data-id=\"4995543\" data-element_type=\"column\">\n\t\t\t<div class=\"elementor-widget-wrap elementor-element-populated\">\n\t\t\t\t\t\t<div class=\"elementor-element elementor-element-388a831 elementor-widget elementor-widget-heading\" data-id=\"388a831\" data-element_type=\"widget\" data-widget_type=\"heading.default\">\n\t\t\t\t<div class=\"elementor-widget-container\">\n\t\t\t<h2 class=\"elementor-heading-title elementor-size-default\">Inicia Sesi\u00f3n para ver el contenido del portal<\/h2>\t\t<\/div>\n\t\t\t\t<\/div>\n\t\t\t\t<div class=\"elementor-element elementor-element-aa3b332 elementor-align-center elementor-widget elementor-widget-button\" data-id=\"aa3b332\" data-element_type=\"widget\" data-widget_type=\"button.default\">\n\t\t\t\t<div class=\"elementor-widget-container\">\n\t\t\t\t\t<div class=\"elementor-button-wrapper\">\n\t\t\t<a class=\"elementor-button elementor-button-link elementor-size-sm\" href=\"\/\">\n\t\t\t\t\t\t<span class=\"elementor-button-content-wrapper\">\n\t\t\t\t\t\t<span class=\"elementor-button-text\">INICIAR SESI\u00d3N<\/span>\n\t\t<\/span>\n\t\t\t\t\t<\/a>\n\t\t<\/div>\n\t\t\t\t<\/div>\n\t\t\t\t<\/div>\n\t\t\t\t\t<\/div>\n\t\t<\/div>\n\t\t\t\t\t<\/div>\n\t\t<\/section>\n\t\t\t\t<\/div>\n\t\t","protected":false},"excerpt":{"rendered":"<p>Inicia Sesi\u00f3n para ver el contenido del portal INICIAR SESI\u00d3N BIENVENIDOS A +CONECTADOS NUESTRO PORTAL DE COLABORADORESEn este portal vas a poder encontrar toda la informaci\u00f3n que necesit\u00e1s. Tendr\u00e1s disponibles distintos cursos de capacitaci\u00f3n y formaci\u00f3n,agenda con todos los contactos, procedimientos de RRHH, cultura, b\u00fasquedas internas y mucho m\u00e1s. TODAS LAS CAPACITACIONESCURSOS, CAPACITACIONES Y TALLERES. [&hellip;]<\/p>\n","protected":false},"author":1,"featured_media":0,"parent":0,"menu_order":0,"comment_status":"closed","ping_status":"closed","template":"elementor_header_footer","meta":{"_acf_changed":false,"_monsterinsights_skip_tracking":false,"_monsterinsights_sitenote_active":false,"_monsterinsights_sitenote_note":"","_monsterinsights_sitenote_category":0,"_joinchat":[],"footnotes":""},"class_list":["post-6","page","type-page","status-publish","hentry"],"acf":[],"_links":{"self":[{"href":"https:\/\/masconectados.suizoargentina.com\/web\/wp-json\/wp\/v2\/pages\/6","targetHints":{"allow":["GET"]}}],"collection":[{"href":"https:\/\/masconectados.suizoargentina.com\/web\/wp-json\/wp\/v2\/pages"}],"about":[{"href":"https:\/\/masconectados.suizoargentina.com\/web\/wp-json\/wp\/v2\/types\/page"}],"author":[{"embeddable":true,"href":"https:\/\/masconectados.suizoargentina.com\/web\/wp-json\/wp\/v2\/users\/1"}],"replies":[{"embeddable":true,"href":"https:\/\/masconectados.suizoargentina.com\/web\/wp-json\/wp\/v2\/comments?post=6"}],"version-history":[{"count":376,"href":"https:\/\/masconectados.suizoargentina.com\/web\/wp-json\/wp\/v2\/pages\/6\/revisions"}],"predecessor-version":[{"id":14751,"href":"https:\/\/masconectados.suizoargentina.com\/web\/wp-json\/wp\/v2\/pages\/6\/revisions\/14751"}],"wp:attachment":[{"href":"https:\/\/masconectados.suizoargentina.com\/web\/wp-json\/wp\/v2\/media?parent=6"}],"curies":[{"name":"wp","href":"https:\/\/api.w.org\/{rel}","templated":true}]}}